{"id":1403,"date":"2021-05-11T17:07:17","date_gmt":"2021-05-12T00:07:17","guid":{"rendered":"https:\/\/www.chevronextramile.com\/mile-one-coffee\/"},"modified":"2025-03-18T09:36:27","modified_gmt":"2025-03-18T15:36:27","slug":"mile-one-coffee","status":"publish","type":"page","link":"https:\/\/www.chevronextramile.com\/es\/mile-one-coffee\/","title":{"rendered":"MILE ONE Coffee\u00ae"},"content":{"rendered":"\n<div class=\"wp-block-cover alignfull mile-one-coffee-hero\" style=\"min-height:440px;aspect-ratio:unset;\"><span aria-hidden=\"true\" class=\"wp-block-cover__background has-black-background-color has-background-dim-30 has-background-dim\"><\/span><img loading=\"lazy\" decoding=\"async\" width=\"1800\" height=\"1200\" class=\"wp-block-cover__image-background wp-image-1323\" alt=\"Office background image\" src=\"https:\/\/media.chevronextramile.com\/uploads\/2021\/05\/26095154\/mile-one-coffee-hero.jpg\" style=\"object-position:50% 60%\" data-object-fit=\"cover\" data-object-position=\"50% 60%\" srcset=\"https:\/\/media.chevronextramile.com\/uploads\/2021\/05\/26095154\/mile-one-coffee-hero.jpg 1800w, https:\/\/media.chevronextramile.com\/uploads\/2021\/05\/26095154\/mile-one-coffee-hero-800x533.jpg 800w, https:\/\/media.chevronextramile.com\/uploads\/2021\/05\/26095154\/mile-one-coffee-hero-1200x800.jpg 1200w, https:\/\/media.chevronextramile.com\/uploads\/2021\/05\/26095154\/mile-one-coffee-hero-768x512.jpg 768w, https:\/\/media.chevronextramile.com\/uploads\/2021\/05\/26095154\/mile-one-coffee-hero-1536x1024.jpg 1536w, https:\/\/media.chevronextramile.com\/uploads\/2021\/05\/26095154\/mile-one-coffee-hero-360x240.jpg 360w\" sizes=\"auto, (max-width: 1800px) 100vw, 1800px\" \/><div class=\"wp-block-cover__inner-container is-layout-flow wp-block-cover-is-layout-flow\">\n<div class=\"wp-block-site-container site-block-container width-standard\"><div>\n<div class=\"wp-block-columns is-style-mobile-center-constrain is-layout-flex wp-container-core-columns-is-layout-9d6595d7 wp-block-columns-is-layout-flex\">\n<div class=\"wp-block-column is-layout-flow wp-block-column-is-layout-flow\">\n<h1 class=\"wp-block-heading has-white-color has-text-color\">Mile One <strong>Coffee<sup>&reg;<\/sup><\/strong><\/h1>\n<\/div>\n<\/div>\n<\/div><\/div>\n<\/div><\/div>\n\n\n\n<div class=\"wp-block-cover alignfull is-light mile-one-coffee\" style=\"min-height:580px;aspect-ratio:unset;\"><span aria-hidden=\"true\" class=\"wp-block-cover__background has-white-background-color has-background-dim-100 has-background-dim\"><\/span><div class=\"wp-block-cover__inner-container is-layout-flow wp-block-cover-is-layout-flow\">\n<div class=\"wp-block-site-container site-block-container width-standard\"><div>\n<div class=\"wp-block-columns are-vertically-aligned-center is-style-mobile-center-constrain is-layout-flex wp-container-core-columns-is-layout-9d6595d7 wp-block-columns-is-layout-flex\">\n<div class=\"wp-block-column is-vertically-aligned-center is-layout-flow wp-block-column-is-layout-flow\">\n<h2 class=\"wp-block-heading has-red-color has-text-color has-link-color has-large-font-size wp-elements-082b30e67db674494f6ee9631cd07b70\">A Journey In Every&nbsp;Cup<sup><sup>&trade;<\/sup><\/sup><\/h2>\n\n\n\n<p>En ExtraMile, disfrutas de un viaje lleno de sabores con cada taza. Caf\u00e9, t\u00e9, chocolate caliente&#8230; \u00a1Tenemos opciones para todos los gustos! Disfruta del caf\u00e9 tostado de especialidad, como el que tiene cafe\u00edna extra, y de todos los jarabes y cremas que necesitar\u00e1s para encender tus motores. Nos aseguraremos de que est\u00e9 reci\u00e9n hecho y caliente todo el d\u00eda.<\/p>\n<\/div>\n\n\n\n<div class=\"wp-block-column is-vertically-aligned-center is-style-default is-layout-flow wp-block-column-is-layout-flow\"><div class=\"wp-block-image\">\n<figure class=\"aligncenter size-full\"><img loading=\"lazy\" decoding=\"async\" width=\"1214\" height=\"1074\" src=\"https:\/\/media.chevronextramile.com\/uploads\/2024\/05\/07091435\/mileone-coffee-v2-copy-media.webp\" alt=\"\" class=\"wp-image-7112\" srcset=\"https:\/\/media.chevronextramile.com\/uploads\/2024\/05\/07091435\/mileone-coffee-v2-copy-media.webp 1214w, https:\/\/media.chevronextramile.com\/uploads\/2024\/05\/07091435\/mileone-coffee-v2-copy-media-800x708.webp 800w, https:\/\/media.chevronextramile.com\/uploads\/2024\/05\/07091435\/mileone-coffee-v2-copy-media-1200x1062.webp 1200w, https:\/\/media.chevronextramile.com\/uploads\/2024\/05\/07091435\/mileone-coffee-v2-copy-media-768x679.webp 768w, https:\/\/media.chevronextramile.com\/uploads\/2024\/05\/07091435\/mileone-coffee-v2-copy-media-360x318.webp 360w\" sizes=\"auto, (max-width: 1214px) 100vw, 1214px\" \/><\/figure>\n<\/div><\/div>\n<\/div>\n<\/div><\/div>\n<\/div><\/div>\n\n\n\n<div class=\"wp-block-group alignfull hot-blends\"><div class=\"wp-block-group__inner-container is-layout-flow wp-block-group-is-layout-flow\">\n<div class=\"wp-block-site-container site-block-container width-standard\"><div>\n<div class=\"wp-block-columns is-style-mobile-contain-columns is-layout-flex wp-container-core-columns-is-layout-9d6595d7 wp-block-columns-is-layout-flex\">\n<div class=\"wp-block-column is-layout-flow wp-block-column-is-layout-flow\">\n<h2 class=\"wp-block-heading has-text-align-center has-red-color has-text-color has-link-color has-large-font-size wp-elements-8b5dc43b8c95912ea0c5e2514737027b\">Combinaciones calientes<\/h2>\n\n\n\n<p class=\"has-text-align-center is-style-constrained-width has-burgundy-color has-text-color\">At ExtraMile<sup>&reg;<\/sup>, every cup is a journey. Prepared daily from our rich and flavorful beans, we brew extra-often to make sure you get THE hottest, freshest cup of coffee. Choose your own adventure in-store with specialty roasts inspired by flavors from around the world.<\/p>\n<\/div>\n<\/div>\n<\/div><\/div>\n<\/div><\/div>\n\n\n<ul class=\"coffee-blends flex flex-wrap sm:-mx-2 justify-center mt-2 mb-8 md:mb-10 carousel has-max-cells-4 has-wrap-around has-page-dots small-and-down has-scaled\" data-site-flickity='{\"wrapAround\": true, \"prevNextButtons\": true, \"pageDots\": true, \"imagesLoaded\": true, \"groupCells\": true, \"watchCSS\": true}'><li class=\"w-full sm:w-1\/2 md:w-1\/3 lg:w-1\/4 sm:p-2\">  <div class=\"sr-only\">    <div>Brazilian Medium<\/div>    <div>Medium Roast<\/div><div class=\"arabica\">100% Arabica<\/div>  <\/div><div class=\"image bg-red\"><img loading=\"lazy\" decoding=\"async\" width=\"300\" height=\"300\" src=\"https:\/\/media.chevronextramile.com\/uploads\/2021\/05\/26095152\/brazilian-medium-300x300.jpg\" class=\"w-full max-w-full\" alt=\"Mezcla de caf\u00e9 medio de Brasil\" srcset=\"https:\/\/media.chevronextramile.com\/uploads\/2021\/05\/26095152\/brazilian-medium-300x300.jpg 300w, https:\/\/media.chevronextramile.com\/uploads\/2021\/05\/26095152\/brazilian-medium-360x360.jpg 360w, https:\/\/media.chevronextramile.com\/uploads\/2021\/05\/26095152\/brazilian-medium.jpg 578w\" sizes=\"auto, (max-width: 300px) 100vw, 300px\" \/><\/div><\/li><li class=\"w-full sm:w-1\/2 md:w-1\/3 lg:w-1\/4 sm:p-2\">  <div class=\"sr-only\">    <div>Fresh Cinnamon<\/div>    <div>Light Roast<\/div><div class=\"arabica\">100% Arabica<\/div>  <\/div><div class=\"image bg-red\"><img loading=\"lazy\" decoding=\"async\" width=\"300\" height=\"300\" src=\"https:\/\/media.chevronextramile.com\/uploads\/2021\/05\/26095150\/fresh-cinnamon-300x300.jpg\" class=\"w-full max-w-full\" alt=\"Mezcla de caf\u00e9 y canela fresca\" srcset=\"https:\/\/media.chevronextramile.com\/uploads\/2021\/05\/26095150\/fresh-cinnamon-300x300.jpg 300w, https:\/\/media.chevronextramile.com\/uploads\/2021\/05\/26095150\/fresh-cinnamon-360x360.jpg 360w, https:\/\/media.chevronextramile.com\/uploads\/2021\/05\/26095150\/fresh-cinnamon.jpg 578w\" sizes=\"auto, (max-width: 300px) 100vw, 300px\" \/><\/div><\/li><li class=\"w-full sm:w-1\/2 md:w-1\/3 lg:w-1\/4 sm:p-2\">  <div class=\"sr-only\">    <div>Columbian Decaf<\/div>    <div>Light Roast<\/div><div class=\"arabica\">100% Arabica<\/div>  <\/div><div class=\"image bg-red\"><img loading=\"lazy\" decoding=\"async\" width=\"300\" height=\"300\" src=\"https:\/\/media.chevronextramile.com\/uploads\/2021\/05\/26095152\/columbian-decaf-300x300.jpg\" class=\"w-full max-w-full\" alt=\"Mezcla de caf\u00e9 descafeinado de Colombia\" srcset=\"https:\/\/media.chevronextramile.com\/uploads\/2021\/05\/26095152\/columbian-decaf-300x300.jpg 300w, https:\/\/media.chevronextramile.com\/uploads\/2021\/05\/26095152\/columbian-decaf-360x360.jpg 360w, https:\/\/media.chevronextramile.com\/uploads\/2021\/05\/26095152\/columbian-decaf.jpg 578w\" sizes=\"auto, (max-width: 300px) 100vw, 300px\" \/><\/div><\/li><li class=\"w-full sm:w-1\/2 md:w-1\/3 lg:w-1\/4 sm:p-2\">  <div class=\"sr-only\">    <div>Espresso Roast<\/div>    <div>Dark Roast<\/div><div class=\"arabica\">100% Arabica<\/div>  <\/div><div class=\"image bg-red\"><img loading=\"lazy\" decoding=\"async\" width=\"300\" height=\"300\" src=\"https:\/\/media.chevronextramile.com\/uploads\/2021\/05\/26095151\/espresso-roast-300x300.jpg\" class=\"w-full max-w-full\" alt=\"Mezcla de caf\u00e9 tostado expreso\" srcset=\"https:\/\/media.chevronextramile.com\/uploads\/2021\/05\/26095151\/espresso-roast-300x300.jpg 300w, https:\/\/media.chevronextramile.com\/uploads\/2021\/05\/26095151\/espresso-roast-360x360.jpg 360w, https:\/\/media.chevronextramile.com\/uploads\/2021\/05\/26095151\/espresso-roast.jpg 578w\" sizes=\"auto, (max-width: 300px) 100vw, 300px\" \/><\/div><\/li><li class=\"w-full sm:w-1\/2 md:w-1\/3 lg:w-1\/4 sm:p-2\">  <div class=\"sr-only\">    <div>Extreme Caffeine<\/div>    <div>Medium Roast<\/div><div class=\"mix\">60% Arabica<br>40% Robusta<\/div>  <\/div><div class=\"image bg-red\"><img loading=\"lazy\" decoding=\"async\" width=\"300\" height=\"300\" src=\"https:\/\/media.chevronextramile.com\/uploads\/2021\/05\/26095151\/extreme-caffeine-300x300.jpg\" class=\"w-full max-w-full\" alt=\"Mezcla de caf\u00e9 con cafe\u00edna extrema\" srcset=\"https:\/\/media.chevronextramile.com\/uploads\/2021\/05\/26095151\/extreme-caffeine-300x300.jpg 300w, https:\/\/media.chevronextramile.com\/uploads\/2021\/05\/26095151\/extreme-caffeine-360x360.jpg 360w, https:\/\/media.chevronextramile.com\/uploads\/2021\/05\/26095151\/extreme-caffeine.jpg 578w\" sizes=\"auto, (max-width: 300px) 100vw, 300px\" \/><\/div><\/li><li class=\"w-full sm:w-1\/2 md:w-1\/3 lg:w-1\/4 sm:p-2\">  <div class=\"sr-only\">    <div>French Vanilla<\/div>    <div>Light Roast<\/div><div class=\"arabica\">100% Arabica<\/div>  <\/div><div class=\"image bg-red\"><img loading=\"lazy\" decoding=\"async\" width=\"300\" height=\"300\" src=\"https:\/\/media.chevronextramile.com\/uploads\/2021\/05\/26095150\/french-vanilla-300x300.jpg\" class=\"w-full max-w-full\" alt=\"Mezcla de caf\u00e9 y vainilla francesa\" srcset=\"https:\/\/media.chevronextramile.com\/uploads\/2021\/05\/26095150\/french-vanilla-300x300.jpg 300w, https:\/\/media.chevronextramile.com\/uploads\/2021\/05\/26095150\/french-vanilla-360x360.jpg 360w, https:\/\/media.chevronextramile.com\/uploads\/2021\/05\/26095150\/french-vanilla.jpg 578w\" sizes=\"auto, (max-width: 300px) 100vw, 300px\" \/><\/div><\/li><li class=\"w-full sm:w-1\/2 md:w-1\/3 lg:w-1\/4 sm:p-2\">  <div class=\"sr-only\">    <div>Slow Roasted Hazelnut<\/div>    <div>Light Roast<\/div><div class=\"arabica\">100% Arabica<\/div>  <\/div><div class=\"image bg-red\"><img loading=\"lazy\" decoding=\"async\" width=\"300\" height=\"300\" src=\"https:\/\/media.chevronextramile.com\/uploads\/2021\/05\/26095150\/slow-roasted-hazelnut-300x300.jpg\" class=\"w-full max-w-full\" alt=\"Mezcla de caf\u00e9 y avellanas tostados a fuego lento\" srcset=\"https:\/\/media.chevronextramile.com\/uploads\/2021\/05\/26095150\/slow-roasted-hazelnut-300x300.jpg 300w, https:\/\/media.chevronextramile.com\/uploads\/2021\/05\/26095150\/slow-roasted-hazelnut-360x360.jpg 360w, https:\/\/media.chevronextramile.com\/uploads\/2021\/05\/26095150\/slow-roasted-hazelnut.jpg 578w\" sizes=\"auto, (max-width: 300px) 100vw, 300px\" \/><\/div><\/li><\/ul>\n\n\n<div class=\"wp-block-cover alignfull is-light is-style-default\" style=\"min-height:675px;aspect-ratio:unset;\"><span aria-hidden=\"true\" class=\"wp-block-cover__background has-white-background-color has-background-dim-100 has-background-dim\"><\/span><div class=\"wp-block-cover__inner-container is-layout-flow wp-block-cover-is-layout-flow\">\n<div class=\"wp-block-site-container site-block-container width-standard\"><div>\n<div class=\"wp-block-columns are-vertically-aligned-center is-style-mobile-center-constrain is-layout-flex wp-container-core-columns-is-layout-9d6595d7 wp-block-columns-is-layout-flex\">\n<div class=\"wp-block-column is-vertically-aligned-center is-layout-flow wp-block-column-is-layout-flow\">\n<h2 class=\"wp-block-heading has-red-color has-text-color has-link-color has-large-font-size wp-elements-c4812383f18ae3e9b082adc952cedebd\">El sabor es esencial<\/h2>\n\n\n\n<p class=\"is-style-heading has-medium-font-size\">Mezcla y combina para crear tu sabor ideal.<\/p>\n\n\n\n<p>Con ExtraMile, las combinaciones de sabores son infinitas. Nuestra estaci\u00f3n de personalizaci\u00f3n est\u00e1 organizada y bien surtida, \u00a1lista para que entres, salgas y te pongas en marcha!&nbsp; Acompa\u00f1a cualquiera de nuestros caf\u00e9s tostados de especialidad con las cremas que prefieras. Calientes o fr\u00edos, refrescantes o fuertes, disfruta de los diversos sabores y cremas para preparar la taza perfecta para tu d\u00eda.&nbsp;<\/p>\n\n\n\n<p class=\"is-style-constrained-width has-small-font-size\" style=\"font-style:normal;font-weight:400\">*Puede que algunas leyes locales requieran que los condimentos, incluyendo cremas para el caf\u00e9, sean almacenados fuera del alcance del p\u00fablico y proporcionados a pedido del consumidor.<\/p>\n<\/div>\n\n\n\n<div class=\"wp-block-column is-vertically-aligned-center is-style-padded-left is-layout-flow wp-block-column-is-layout-flow\"><div class=\"wp-block-image\">\n<figure class=\"aligncenter size-full\"><img loading=\"lazy\" decoding=\"async\" width=\"1000\" height=\"941\" src=\"https:\/\/media.chevronextramile.com\/uploads\/2024\/05\/07074851\/moc-creamers.webp\" alt=\"Mile one coffee with creamers\" class=\"wp-image-7098\" srcset=\"https:\/\/media.chevronextramile.com\/uploads\/2024\/05\/07074851\/moc-creamers.webp 1000w, https:\/\/media.chevronextramile.com\/uploads\/2024\/05\/07074851\/moc-creamers-800x753.webp 800w, https:\/\/media.chevronextramile.com\/uploads\/2024\/05\/07074851\/moc-creamers-768x723.webp 768w, https:\/\/media.chevronextramile.com\/uploads\/2024\/05\/07074851\/moc-creamers-360x339.webp 360w\" sizes=\"auto, (max-width: 1000px) 100vw, 1000px\" \/><\/figure>\n<\/div><\/div>\n<\/div>\n<\/div><\/div>\n<\/div><\/div>\n\n\n\n<div class=\"wp-block-cover alignfull is-light\"><span aria-hidden=\"true\" class=\"wp-block-cover__background has-white-background-color has-background-dim-100 has-background-dim\"><\/span><div class=\"wp-block-cover__inner-container is-layout-flow wp-block-cover-is-layout-flow\">\n<div class=\"wp-block-site-container site-block-container width-standard\"><div>\n<div class=\"wp-block-columns are-vertically-aligned-center is-style-mobile-center-constrain reversed is-layout-flex wp-container-core-columns-is-layout-9d6595d7 wp-block-columns-is-layout-flex\">\n<div class=\"wp-block-column is-vertically-aligned-center is-layout-flow wp-block-column-is-layout-flow\">\n<h2 class=\"wp-block-heading has-red-color has-text-color has-link-color has-large-font-size wp-elements-4fddc6c3d54a9d3375a2967a317c7d0b\">Bebidas calientes<\/h2>\n\n\n\n<p class=\"is-style-heading has-medium-font-size\">Capuchino y chocolate caliente<\/p>\n\n\n\n<p>Elige entre French Vanilla Supreme, High Energy Mocha, chocolate caliente con HERSHEY\u2019s y nuestros t\u00e9s Revolution para una taza llena de energ\u00eda.<\/p>\n<\/div>\n\n\n\n<div class=\"wp-block-column is-vertically-aligned-center is-style-padded-left is-layout-flow wp-block-column-is-layout-flow\"><div class=\"wp-block-image\">\n<figure class=\"aligncenter size-full\"><img loading=\"lazy\" decoding=\"async\" width=\"879\" height=\"752\" src=\"https:\/\/media.chevronextramile.com\/uploads\/2024\/05\/07091438\/hot-cocoa-v2.webp\" alt=\"Mile One Hot Cocoa\" class=\"wp-image-7114\" srcset=\"https:\/\/media.chevronextramile.com\/uploads\/2024\/05\/07091438\/hot-cocoa-v2.webp 879w, https:\/\/media.chevronextramile.com\/uploads\/2024\/05\/07091438\/hot-cocoa-v2-800x684.webp 800w, https:\/\/media.chevronextramile.com\/uploads\/2024\/05\/07091438\/hot-cocoa-v2-768x657.webp 768w, https:\/\/media.chevronextramile.com\/uploads\/2024\/05\/07091438\/hot-cocoa-v2-360x308.webp 360w\" sizes=\"auto, (max-width: 879px) 100vw, 879px\" \/><\/figure>\n<\/div><\/div>\n<\/div>\n<\/div><\/div>\n<\/div><\/div>\n","protected":false},"excerpt":{"rendered":"","protected":false},"author":1,"featured_media":6855,"parent":0,"menu_order":0,"comment_status":"closed","ping_status":"closed","template":"","meta":{"_acf_changed":false,"footnotes":""},"class_list":["post-1403","page","type-page","status-publish","has-post-thumbnail","hentry"],"acf":[],"_links":{"self":[{"href":"https:\/\/www.chevronextramile.com\/es\/wp-json\/wp\/v2\/pages\/1403","targetHints":{"allow":["GET"]}}],"collection":[{"href":"https:\/\/www.chevronextramile.com\/es\/wp-json\/wp\/v2\/pages"}],"about":[{"href":"https:\/\/www.chevronextramile.com\/es\/wp-json\/wp\/v2\/types\/page"}],"author":[{"embeddable":true,"href":"https:\/\/www.chevronextramile.com\/es\/wp-json\/wp\/v2\/users\/1"}],"replies":[{"embeddable":true,"href":"https:\/\/www.chevronextramile.com\/es\/wp-json\/wp\/v2\/comments?post=1403"}],"version-history":[{"count":68,"href":"https:\/\/www.chevronextramile.com\/es\/wp-json\/wp\/v2\/pages\/1403\/revisions"}],"predecessor-version":[{"id":11306,"href":"https:\/\/www.chevronextramile.com\/es\/wp-json\/wp\/v2\/pages\/1403\/revisions\/11306"}],"wp:featuredmedia":[{"embeddable":true,"href":"https:\/\/www.chevronextramile.com\/es\/wp-json\/wp\/v2\/media\/6855"}],"wp:attachment":[{"href":"https:\/\/www.chevronextramile.com\/es\/wp-json\/wp\/v2\/media?parent=1403"}],"curies":[{"name":"wp","href":"https:\/\/api.w.org\/{rel}","templated":true}]}}