{"id":11183,"date":"2025-02-13T11:40:33","date_gmt":"2025-02-13T18:40:33","guid":{"rendered":""},"modified":"2025-02-13T11:40:34","modified_gmt":"2025-02-13T18:40:34","slug":"twix-tamano-para-compartir","status":"publish","type":"product","link":"https:\/\/www.chevronextramile.com\/es\/products\/snacks-y-golosinas\/twix-tamano-para-compartir\/","title":{"rendered":"Twix\u00ae tama\u00f1o para compartir"},"content":{"rendered":"\n<p>Comparte el sabor con un chocolate Twix<sup>&reg;<\/sup> tama\u00f1o para compartir de tu ExtraMile local. Este snack cl\u00e1sico de galleta y caramelo es perfecto para el viaje, la oficina o simplemente porque s\u00ed.  <\/p>\n","protected":false},"featured_media":4870,"template":"","class_list":["post-11183","product","type-product","status-publish","has-post-thumbnail","hentry","product_category-snacks-y-golosinas"],"acf":[],"_links":{"self":[{"href":"https:\/\/www.chevronextramile.com\/es\/wp-json\/wp\/v2\/product\/11183","targetHints":{"allow":["GET"]}}],"collection":[{"href":"https:\/\/www.chevronextramile.com\/es\/wp-json\/wp\/v2\/product"}],"about":[{"href":"https:\/\/www.chevronextramile.com\/es\/wp-json\/wp\/v2\/types\/product"}],"version-history":[{"count":1,"href":"https:\/\/www.chevronextramile.com\/es\/wp-json\/wp\/v2\/product\/11183\/revisions"}],"predecessor-version":[{"id":11184,"href":"https:\/\/www.chevronextramile.com\/es\/wp-json\/wp\/v2\/product\/11183\/revisions\/11184"}],"wp:featuredmedia":[{"embeddable":true,"href":"https:\/\/www.chevronextramile.com\/es\/wp-json\/wp\/v2\/media\/4870"}],"wp:attachment":[{"href":"https:\/\/www.chevronextramile.com\/es\/wp-json\/wp\/v2\/media?parent=11183"}],"curies":[{"name":"wp","href":"https:\/\/api.w.org\/{rel}","templated":true}]}}