{"id":1175,"date":"2021-05-10T13:47:46","date_gmt":"2021-05-10T20:47:46","guid":{"rendered":"https:\/\/www.chevronextramile.com\/es\/products\/"},"modified":"2021-08-23T13:38:18","modified_gmt":"2021-08-23T20:38:18","slug":"corona-extra-pack-de-12","status":"publish","type":"product","link":"https:\/\/www.chevronextramile.com\/es\/products\/cerveza-vino\/corona-extra-pack-de-12\/","title":{"rendered":"Corona Extra (pack de 12)"},"content":{"rendered":"\n<p>Con un sabor refrescante y suave, equilibrado entre las importaciones europeas m\u00e1s pesadas y las cervezas nacionales m\u00e1s ligeras, Corona es una cerveza equilibrada con aromas afrutados, de miel y un toque de malta. Su sabor es n\u00edtido, puro y bien equilibrado entre el l\u00fapulo y la malta, un perfil de sabor superior creado a partir de ingredientes superiores.<\/p>\n","protected":false},"featured_media":878,"template":"","class_list":["post-1175","product","type-product","status-publish","has-post-thumbnail","hentry","product_category-cerveza-vino"],"acf":[],"_links":{"self":[{"href":"https:\/\/www.chevronextramile.com\/es\/wp-json\/wp\/v2\/product\/1175","targetHints":{"allow":["GET"]}}],"collection":[{"href":"https:\/\/www.chevronextramile.com\/es\/wp-json\/wp\/v2\/product"}],"about":[{"href":"https:\/\/www.chevronextramile.com\/es\/wp-json\/wp\/v2\/types\/product"}],"version-history":[{"count":2,"href":"https:\/\/www.chevronextramile.com\/es\/wp-json\/wp\/v2\/product\/1175\/revisions"}],"predecessor-version":[{"id":2376,"href":"https:\/\/www.chevronextramile.com\/es\/wp-json\/wp\/v2\/product\/1175\/revisions\/2376"}],"wp:featuredmedia":[{"embeddable":true,"href":"https:\/\/www.chevronextramile.com\/es\/wp-json\/wp\/v2\/media\/878"}],"wp:attachment":[{"href":"https:\/\/www.chevronextramile.com\/es\/wp-json\/wp\/v2\/media?parent=1175"}],"curies":[{"name":"wp","href":"https:\/\/api.w.org\/{rel}","templated":true}]}}