{"id":1179,"date":"2021-05-10T13:49:57","date_gmt":"2021-05-10T20:49:57","guid":{"rendered":"https:\/\/www.chevronextramile.com\/es\/products\/"},"modified":"2025-02-13T08:47:35","modified_gmt":"2025-02-13T15:47:35","slug":"bud-light-pack-de-3","status":"publish","type":"product","link":"https:\/\/www.chevronextramile.com\/es\/products\/cerveza-vino\/bud-light-pack-de-3\/","title":{"rendered":"Bud Light (pack de 3)"},"content":{"rendered":"\n<p>Bud Light est\u00e1 cuidadosamente elaborada para que sea perfecta en cualquier lugar donde haya diversi\u00f3n, porque cuando hay diversi\u00f3n, hay una Bud Light. En todas las botellas, latas y barriles de Bud Light se utilizan agua, cebada, arroz y l\u00fapulo para crear un sabor sencillo, puro y fresco.<\/p>\n","protected":false},"featured_media":882,"template":"","class_list":["post-1179","product","type-product","status-publish","has-post-thumbnail","hentry","product_category-cerveza-vino"],"acf":[],"_links":{"self":[{"href":"https:\/\/www.chevronextramile.com\/es\/wp-json\/wp\/v2\/product\/1179","targetHints":{"allow":["GET"]}}],"collection":[{"href":"https:\/\/www.chevronextramile.com\/es\/wp-json\/wp\/v2\/product"}],"about":[{"href":"https:\/\/www.chevronextramile.com\/es\/wp-json\/wp\/v2\/types\/product"}],"version-history":[{"count":2,"href":"https:\/\/www.chevronextramile.com\/es\/wp-json\/wp\/v2\/product\/1179\/revisions"}],"predecessor-version":[{"id":2360,"href":"https:\/\/www.chevronextramile.com\/es\/wp-json\/wp\/v2\/product\/1179\/revisions\/2360"}],"wp:featuredmedia":[{"embeddable":true,"href":"https:\/\/www.chevronextramile.com\/es\/wp-json\/wp\/v2\/media\/882"}],"wp:attachment":[{"href":"https:\/\/www.chevronextramile.com\/es\/wp-json\/wp\/v2\/media?parent=1179"}],"curies":[{"name":"wp","href":"https:\/\/api.w.org\/{rel}","templated":true}]}}