{"id":1205,"date":"2021-05-01T14:50:00","date_gmt":"2021-05-01T21:50:00","guid":{"rendered":"https:\/\/www.chevronextramile.com\/es\/products\/"},"modified":"2025-02-13T08:50:55","modified_gmt":"2025-02-13T15:50:55","slug":"lunchable-de-pavo-y-queso-cheddar","status":"publish","type":"product","link":"https:\/\/www.chevronextramile.com\/es\/products\/alimentos-calientes\/lunchable-de-pavo-y-queso-cheddar\/","title":{"rendered":"Lunchables de pavo y queso cheddar"},"content":{"rendered":"\n<p>Ll\u00e9vate un Lunchables de pavo y queso en tu tienda de conveniencia ExtraMile local hoy. Este snack cl\u00e1sico es una gran fuente de calcio y prote\u00edna. <\/p>\n","protected":false},"featured_media":769,"template":"","class_list":["post-1205","product","type-product","status-publish","has-post-thumbnail","hentry","product_category-alimentos-calientes"],"acf":[],"_links":{"self":[{"href":"https:\/\/www.chevronextramile.com\/es\/wp-json\/wp\/v2\/product\/1205","targetHints":{"allow":["GET"]}}],"collection":[{"href":"https:\/\/www.chevronextramile.com\/es\/wp-json\/wp\/v2\/product"}],"about":[{"href":"https:\/\/www.chevronextramile.com\/es\/wp-json\/wp\/v2\/types\/product"}],"version-history":[{"count":4,"href":"https:\/\/www.chevronextramile.com\/es\/wp-json\/wp\/v2\/product\/1205\/revisions"}],"predecessor-version":[{"id":11095,"href":"https:\/\/www.chevronextramile.com\/es\/wp-json\/wp\/v2\/product\/1205\/revisions\/11095"}],"wp:featuredmedia":[{"embeddable":true,"href":"https:\/\/www.chevronextramile.com\/es\/wp-json\/wp\/v2\/media\/769"}],"wp:attachment":[{"href":"https:\/\/www.chevronextramile.com\/es\/wp-json\/wp\/v2\/media?parent=1205"}],"curies":[{"name":"wp","href":"https:\/\/api.w.org\/{rel}","templated":true}]}}