{"id":1211,"date":"2021-05-06T14:57:00","date_gmt":"2021-05-06T21:57:00","guid":{"rendered":"https:\/\/www.chevronextramile.com\/es\/products\/"},"modified":"2025-02-13T09:45:58","modified_gmt":"2025-02-13T16:45:58","slug":"sandwich-de-atun-en-triangulo-brown-bag-con-pan-de-trigo","status":"publish","type":"product","link":"https:\/\/www.chevronextramile.com\/es\/products\/alimentos-calientes\/sandwich-de-atun-en-triangulo-brown-bag-con-pan-de-trigo\/","title":{"rendered":"S\u00e1ndwich de at\u00fan en tri\u00e1ngulo Brown Bag con pan de trigo"},"content":{"rendered":"\n<p>Disfruta de un s\u00e1ndwich de at\u00fan con pan de trigo hecho a mano en Brown Bag Sandwich Co. Est\u00e1 repleto de sabor e incluye los mejores ingredientes en pan artesanal reci\u00e9n horneado en su propia panader\u00eda.<\/p>\n","protected":false},"featured_media":4850,"template":"","class_list":["post-1211","product","type-product","status-publish","has-post-thumbnail","hentry","product_category-alimentos-calientes"],"acf":[],"_links":{"self":[{"href":"https:\/\/www.chevronextramile.com\/es\/wp-json\/wp\/v2\/product\/1211","targetHints":{"allow":["GET"]}}],"collection":[{"href":"https:\/\/www.chevronextramile.com\/es\/wp-json\/wp\/v2\/product"}],"about":[{"href":"https:\/\/www.chevronextramile.com\/es\/wp-json\/wp\/v2\/types\/product"}],"version-history":[{"count":3,"href":"https:\/\/www.chevronextramile.com\/es\/wp-json\/wp\/v2\/product\/1211\/revisions"}],"predecessor-version":[{"id":11127,"href":"https:\/\/www.chevronextramile.com\/es\/wp-json\/wp\/v2\/product\/1211\/revisions\/11127"}],"wp:featuredmedia":[{"embeddable":true,"href":"https:\/\/www.chevronextramile.com\/es\/wp-json\/wp\/v2\/media\/4850"}],"wp:attachment":[{"href":"https:\/\/www.chevronextramile.com\/es\/wp-json\/wp\/v2\/media?parent=1211"}],"curies":[{"name":"wp","href":"https:\/\/api.w.org\/{rel}","templated":true}]}}