{"id":1223,"date":"2021-05-13T15:02:00","date_gmt":"2021-05-13T22:02:00","guid":{"rendered":"https:\/\/www.chevronextramile.com\/es\/products\/"},"modified":"2025-02-13T09:44:56","modified_gmt":"2025-02-13T16:44:56","slug":"salchicha-johnsonville","status":"publish","type":"product","link":"https:\/\/www.chevronextramile.com\/es\/products\/alimentos-calientes\/salchicha-johnsonville\/","title":{"rendered":"Salchicha Johnsonville"},"content":{"rendered":"\n<p>Nuestras salchichas Johnsonville son completamente cocinadas usando carne pr\u00e9mium de puerco y mezclas de especias de una receta austr\u00edaca de tercera generaci\u00f3n. <\/p>\n","protected":false},"featured_media":4860,"template":"","class_list":["post-1223","product","type-product","status-publish","has-post-thumbnail","hentry","product_category-alimentos-calientes"],"acf":[],"_links":{"self":[{"href":"https:\/\/www.chevronextramile.com\/es\/wp-json\/wp\/v2\/product\/1223","targetHints":{"allow":["GET"]}}],"collection":[{"href":"https:\/\/www.chevronextramile.com\/es\/wp-json\/wp\/v2\/product"}],"about":[{"href":"https:\/\/www.chevronextramile.com\/es\/wp-json\/wp\/v2\/types\/product"}],"version-history":[{"count":3,"href":"https:\/\/www.chevronextramile.com\/es\/wp-json\/wp\/v2\/product\/1223\/revisions"}],"predecessor-version":[{"id":11126,"href":"https:\/\/www.chevronextramile.com\/es\/wp-json\/wp\/v2\/product\/1223\/revisions\/11126"}],"wp:featuredmedia":[{"embeddable":true,"href":"https:\/\/www.chevronextramile.com\/es\/wp-json\/wp\/v2\/media\/4860"}],"wp:attachment":[{"href":"https:\/\/www.chevronextramile.com\/es\/wp-json\/wp\/v2\/media?parent=1223"}],"curies":[{"name":"wp","href":"https:\/\/api.w.org\/{rel}","templated":true}]}}