{"id":1231,"date":"2021-05-10T15:05:07","date_gmt":"2021-05-10T22:05:07","guid":{"rendered":"https:\/\/www.chevronextramile.com\/es\/products\/"},"modified":"2025-02-13T11:35:29","modified_gmt":"2025-02-13T18:35:29","slug":"rxbar-de-arandano","status":"publish","type":"product","link":"https:\/\/www.chevronextramile.com\/es\/products\/opciones-saludables\/rxbar-de-arandano\/","title":{"rendered":"RXBAR de ar\u00e1ndano"},"content":{"rendered":"\n<p>Estas barras de prote\u00edna de ar\u00e1ndano est\u00e1n hechas con ar\u00e1ndanos dulces e ingredientes simples como prote\u00ednas provenientes de la clara de huevo, unificadas con d\u00e1tiles y texturizadas con nueces.<\/p>\n","protected":false},"featured_media":797,"template":"","class_list":["post-1231","product","type-product","status-publish","has-post-thumbnail","hentry","product_category-opciones-saludables"],"acf":[],"_links":{"self":[{"href":"https:\/\/www.chevronextramile.com\/es\/wp-json\/wp\/v2\/product\/1231","targetHints":{"allow":["GET"]}}],"collection":[{"href":"https:\/\/www.chevronextramile.com\/es\/wp-json\/wp\/v2\/product"}],"about":[{"href":"https:\/\/www.chevronextramile.com\/es\/wp-json\/wp\/v2\/types\/product"}],"version-history":[{"count":4,"href":"https:\/\/www.chevronextramile.com\/es\/wp-json\/wp\/v2\/product\/1231\/revisions"}],"predecessor-version":[{"id":11174,"href":"https:\/\/www.chevronextramile.com\/es\/wp-json\/wp\/v2\/product\/1231\/revisions\/11174"}],"wp:featuredmedia":[{"embeddable":true,"href":"https:\/\/www.chevronextramile.com\/es\/wp-json\/wp\/v2\/media\/797"}],"wp:attachment":[{"href":"https:\/\/www.chevronextramile.com\/es\/wp-json\/wp\/v2\/media?parent=1231"}],"curies":[{"name":"wp","href":"https:\/\/api.w.org\/{rel}","templated":true}]}}