{"id":1233,"date":"2021-05-10T15:05:29","date_gmt":"2021-05-10T22:05:29","guid":{"rendered":"https:\/\/www.chevronextramile.com\/es\/products\/"},"modified":"2025-02-13T11:42:41","modified_gmt":"2025-02-13T18:42:41","slug":"chips-de-chocolate-lenny-larrys","status":"publish","type":"product","link":"https:\/\/www.chevronextramile.com\/es\/products\/opciones-saludables\/chips-de-chocolate-lenny-larrys\/","title":{"rendered":"Galleta proteica Lenny &#038; Larry\u2019s"},"content":{"rendered":"\n<p>Agradablemente firme y masticable, esta deliciosa galleta proteica vegana con chispas de chocolate est\u00e1 espolvoreada con considerables pedazos de chocolate semidulce para disfrutar de una merienda m\u00e1s saludable repleta de energ\u00eda.<\/p>\n","protected":false},"featured_media":799,"template":"","class_list":["post-1233","product","type-product","status-publish","has-post-thumbnail","hentry","product_category-opciones-saludables"],"acf":[],"_links":{"self":[{"href":"https:\/\/www.chevronextramile.com\/es\/wp-json\/wp\/v2\/product\/1233","targetHints":{"allow":["GET"]}}],"collection":[{"href":"https:\/\/www.chevronextramile.com\/es\/wp-json\/wp\/v2\/product"}],"about":[{"href":"https:\/\/www.chevronextramile.com\/es\/wp-json\/wp\/v2\/types\/product"}],"version-history":[{"count":4,"href":"https:\/\/www.chevronextramile.com\/es\/wp-json\/wp\/v2\/product\/1233\/revisions"}],"predecessor-version":[{"id":11192,"href":"https:\/\/www.chevronextramile.com\/es\/wp-json\/wp\/v2\/product\/1233\/revisions\/11192"}],"wp:featuredmedia":[{"embeddable":true,"href":"https:\/\/www.chevronextramile.com\/es\/wp-json\/wp\/v2\/media\/799"}],"wp:attachment":[{"href":"https:\/\/www.chevronextramile.com\/es\/wp-json\/wp\/v2\/media?parent=1233"}],"curies":[{"name":"wp","href":"https:\/\/api.w.org\/{rel}","templated":true}]}}