{"id":1237,"date":"2021-05-10T15:07:43","date_gmt":"2021-05-10T22:07:43","guid":{"rendered":"https:\/\/www.chevronextramile.com\/es\/products\/"},"modified":"2025-02-13T08:45:18","modified_gmt":"2025-02-13T15:45:18","slug":"wonderful-pistachio","status":"publish","type":"product","link":"https:\/\/www.chevronextramile.com\/es\/products\/opciones-saludables\/wonderful-pistachio\/","title":{"rendered":"Wonderful Pistachio"},"content":{"rendered":"\n<p>Tostado a la perfecci\u00f3n, esta versi\u00f3n del pistacho cl\u00e1sico es ideal para picar y compartir todos los d\u00edas, y est\u00e1 envasado en porciones peque\u00f1as para que puedas disfrutarlo en cualquier lugar.<\/p>\n","protected":false},"featured_media":803,"template":"","class_list":["post-1237","product","type-product","status-publish","has-post-thumbnail","hentry","product_category-opciones-saludables"],"acf":[],"_links":{"self":[{"href":"https:\/\/www.chevronextramile.com\/es\/wp-json\/wp\/v2\/product\/1237","targetHints":{"allow":["GET"]}}],"collection":[{"href":"https:\/\/www.chevronextramile.com\/es\/wp-json\/wp\/v2\/product"}],"about":[{"href":"https:\/\/www.chevronextramile.com\/es\/wp-json\/wp\/v2\/types\/product"}],"version-history":[{"count":2,"href":"https:\/\/www.chevronextramile.com\/es\/wp-json\/wp\/v2\/product\/1237\/revisions"}],"predecessor-version":[{"id":2375,"href":"https:\/\/www.chevronextramile.com\/es\/wp-json\/wp\/v2\/product\/1237\/revisions\/2375"}],"wp:featuredmedia":[{"embeddable":true,"href":"https:\/\/www.chevronextramile.com\/es\/wp-json\/wp\/v2\/media\/803"}],"wp:attachment":[{"href":"https:\/\/www.chevronextramile.com\/es\/wp-json\/wp\/v2\/media?parent=1237"}],"curies":[{"name":"wp","href":"https:\/\/api.w.org\/{rel}","templated":true}]}}