{"id":1243,"date":"2021-05-18T15:08:00","date_gmt":"2021-05-18T22:08:00","guid":{"rendered":"https:\/\/www.chevronextramile.com\/es\/products\/"},"modified":"2025-02-13T10:48:33","modified_gmt":"2025-02-13T17:48:33","slug":"croissant-danes-de-queso-bon-appetit","status":"publish","type":"product","link":"https:\/\/www.chevronextramile.com\/es\/products\/panaderia\/croissant-danes-de-queso-bon-appetit\/","title":{"rendered":"Croissant dan\u00e9s de queso Bon Appetit"},"content":{"rendered":"\n<p>La aut\u00e9ntica masa danesa de Bon Appetit es deliciosamente suave y hojaldrada y est\u00e1 rellena de queso crema aut\u00e9ntico azucarado.<\/p>\n","protected":false},"featured_media":6866,"template":"","class_list":["post-1243","product","type-product","status-publish","has-post-thumbnail","hentry","product_category-panaderia"],"acf":[],"_links":{"self":[{"href":"https:\/\/www.chevronextramile.com\/es\/wp-json\/wp\/v2\/product\/1243","targetHints":{"allow":["GET"]}}],"collection":[{"href":"https:\/\/www.chevronextramile.com\/es\/wp-json\/wp\/v2\/product"}],"about":[{"href":"https:\/\/www.chevronextramile.com\/es\/wp-json\/wp\/v2\/types\/product"}],"version-history":[{"count":3,"href":"https:\/\/www.chevronextramile.com\/es\/wp-json\/wp\/v2\/product\/1243\/revisions"}],"predecessor-version":[{"id":11140,"href":"https:\/\/www.chevronextramile.com\/es\/wp-json\/wp\/v2\/product\/1243\/revisions\/11140"}],"wp:featuredmedia":[{"embeddable":true,"href":"https:\/\/www.chevronextramile.com\/es\/wp-json\/wp\/v2\/media\/6866"}],"wp:attachment":[{"href":"https:\/\/www.chevronextramile.com\/es\/wp-json\/wp\/v2\/media?parent=1243"}],"curies":[{"name":"wp","href":"https:\/\/api.w.org\/{rel}","templated":true}]}}