{"id":1247,"date":"2021-05-10T15:09:00","date_gmt":"2021-05-10T22:09:00","guid":{"rendered":"https:\/\/www.chevronextramile.com\/es\/products\/"},"modified":"2025-02-13T11:12:25","modified_gmt":"2025-02-13T18:12:25","slug":"jerky-vacuno-con-pimienta-old-trapper","status":"publish","type":"product","link":"https:\/\/www.chevronextramile.com\/es\/products\/opciones-saludables\/jerky-vacuno-con-pimienta-old-trapper\/","title":{"rendered":"Jerky vacuno con pimienta Old Trapper"},"content":{"rendered":"\n<p>El jerky con pimienta Old Trapper se condimenta con una mezcla de especias de calidad y generosas cantidades de pimienta negra fresca, luego se ah\u00fama con madera aut\u00e9ntica en ahumaderos hasta que cada trozo est\u00e9 tierno y jugoso. Pero \u00a1ten cuidado cuando muerdas el jerky con pimienta de Old Trapper, te podr\u00eda picar!<\/p>\n","protected":false},"featured_media":806,"template":"","class_list":["post-1247","product","type-product","status-publish","has-post-thumbnail","hentry","product_category-opciones-saludables"],"acf":[],"_links":{"self":[{"href":"https:\/\/www.chevronextramile.com\/es\/wp-json\/wp\/v2\/product\/1247","targetHints":{"allow":["GET"]}}],"collection":[{"href":"https:\/\/www.chevronextramile.com\/es\/wp-json\/wp\/v2\/product"}],"about":[{"href":"https:\/\/www.chevronextramile.com\/es\/wp-json\/wp\/v2\/types\/product"}],"version-history":[{"count":3,"href":"https:\/\/www.chevronextramile.com\/es\/wp-json\/wp\/v2\/product\/1247\/revisions"}],"predecessor-version":[{"id":11157,"href":"https:\/\/www.chevronextramile.com\/es\/wp-json\/wp\/v2\/product\/1247\/revisions\/11157"}],"wp:featuredmedia":[{"embeddable":true,"href":"https:\/\/www.chevronextramile.com\/es\/wp-json\/wp\/v2\/media\/806"}],"wp:attachment":[{"href":"https:\/\/www.chevronextramile.com\/es\/wp-json\/wp\/v2\/media?parent=1247"}],"curies":[{"name":"wp","href":"https:\/\/api.w.org\/{rel}","templated":true}]}}