{"id":1279,"date":"2021-05-01T15:20:00","date_gmt":"2021-05-01T22:20:00","guid":{"rendered":"https:\/\/www.chevronextramile.com\/es\/products\/"},"modified":"2025-02-13T11:05:29","modified_gmt":"2025-02-13T18:05:29","slug":"proteina-muscle-milkchocolate","status":"publish","type":"product","link":"https:\/\/www.chevronextramile.com\/es\/products\/bebidas-deportivas\/proteina-muscle-milkchocolate\/","title":{"rendered":"Prote\u00edna Muscle Milk Chocolate"},"content":{"rendered":"\n<p>Los Shakes de Prote\u00edna MUSCLE MILK PRO SERIES<sup>&reg;<\/sup> proveen prote\u00ednas y nutrientes esenciales para ayudarte a recuperar y generar m\u00fasculo despu\u00e9s de una fuerte sesi\u00f3n de entrenamiento.Los productosMUSCLE MILK PRO SERIES<sup>&reg;<\/sup> pueden ser usados no solo antes o despu\u00e9s de hacer ejercicio, sino tambi\u00e9n como opci\u00f3n para una comida alta en prote\u00ednas o un snack.<\/p>\n","protected":false},"featured_media":890,"template":"","class_list":["post-1279","product","type-product","status-publish","has-post-thumbnail","hentry","product_category-bebidas-deportivas"],"acf":[],"_links":{"self":[{"href":"https:\/\/www.chevronextramile.com\/es\/wp-json\/wp\/v2\/product\/1279","targetHints":{"allow":["GET"]}}],"collection":[{"href":"https:\/\/www.chevronextramile.com\/es\/wp-json\/wp\/v2\/product"}],"about":[{"href":"https:\/\/www.chevronextramile.com\/es\/wp-json\/wp\/v2\/types\/product"}],"version-history":[{"count":4,"href":"https:\/\/www.chevronextramile.com\/es\/wp-json\/wp\/v2\/product\/1279\/revisions"}],"predecessor-version":[{"id":11151,"href":"https:\/\/www.chevronextramile.com\/es\/wp-json\/wp\/v2\/product\/1279\/revisions\/11151"}],"wp:featuredmedia":[{"embeddable":true,"href":"https:\/\/www.chevronextramile.com\/es\/wp-json\/wp\/v2\/media\/890"}],"wp:attachment":[{"href":"https:\/\/www.chevronextramile.com\/es\/wp-json\/wp\/v2\/media?parent=1279"}],"curies":[{"name":"wp","href":"https:\/\/api.w.org\/{rel}","templated":true}]}}