{"id":1289,"date":"2021-05-14T15:34:00","date_gmt":"2021-05-14T22:34:00","guid":{"rendered":"https:\/\/www.chevronextramile.com\/es\/products\/"},"modified":"2025-02-13T11:17:20","modified_gmt":"2025-02-13T18:17:20","slug":"monster-energy","status":"publish","type":"product","link":"https:\/\/www.chevronextramile.com\/es\/products\/bebidas-energeticas\/monster-energy\/","title":{"rendered":"Monster Energy"},"content":{"rendered":"\n<p>Desata la bestia con 16 onzas de la bebida energ\u00e9tica m\u00e1s monstruosa del planeta. Ya sea que busques un impulso r\u00e1pido o un zumbido alentador, esta bebida energ\u00e9tica es ideal para ti.<\/p>\n","protected":false},"featured_media":906,"template":"","class_list":["post-1289","product","type-product","status-publish","has-post-thumbnail","hentry","product_category-bebidas-energeticas"],"acf":[],"_links":{"self":[{"href":"https:\/\/www.chevronextramile.com\/es\/wp-json\/wp\/v2\/product\/1289","targetHints":{"allow":["GET"]}}],"collection":[{"href":"https:\/\/www.chevronextramile.com\/es\/wp-json\/wp\/v2\/product"}],"about":[{"href":"https:\/\/www.chevronextramile.com\/es\/wp-json\/wp\/v2\/types\/product"}],"version-history":[{"count":3,"href":"https:\/\/www.chevronextramile.com\/es\/wp-json\/wp\/v2\/product\/1289\/revisions"}],"predecessor-version":[{"id":11159,"href":"https:\/\/www.chevronextramile.com\/es\/wp-json\/wp\/v2\/product\/1289\/revisions\/11159"}],"wp:featuredmedia":[{"embeddable":true,"href":"https:\/\/www.chevronextramile.com\/es\/wp-json\/wp\/v2\/media\/906"}],"wp:attachment":[{"href":"https:\/\/www.chevronextramile.com\/es\/wp-json\/wp\/v2\/media?parent=1289"}],"curies":[{"name":"wp","href":"https:\/\/api.w.org\/{rel}","templated":true}]}}