{"id":1293,"date":"2021-05-07T15:35:00","date_gmt":"2021-05-07T22:35:00","guid":{"rendered":"https:\/\/www.chevronextramile.com\/es\/products\/"},"modified":"2025-02-13T09:44:13","modified_gmt":"2025-02-13T16:44:13","slug":"bang-peach-mango","status":"publish","type":"product","link":"https:\/\/www.chevronextramile.com\/es\/products\/bebidas-energeticas\/bang-peach-mango\/","title":{"rendered":"Bang Peach Mango"},"content":{"rendered":"\n<p>La bebida energ\u00e9tica Bang Peach Mango esuna opci\u00f3n de energ\u00eda sostenida, sin az\u00facar, sin carbohidratos y con un excelente sabor. Bang no solo te da energ\u00eda, sino que tambi\u00e9n contiene ingredientes como CoQ10, amino\u00e1cidos esenciales (EAA Aminos) y la S\u00faper Creatina patentada, el \u00fanico tipo de creatina que es sostenible en l\u00edquido durante un per\u00edodo prolongado.<\/p>\n","protected":false},"featured_media":902,"template":"","class_list":["post-1293","product","type-product","status-publish","has-post-thumbnail","hentry","product_category-bebidas-energeticas"],"acf":[],"_links":{"self":[{"href":"https:\/\/www.chevronextramile.com\/es\/wp-json\/wp\/v2\/product\/1293","targetHints":{"allow":["GET"]}}],"collection":[{"href":"https:\/\/www.chevronextramile.com\/es\/wp-json\/wp\/v2\/product"}],"about":[{"href":"https:\/\/www.chevronextramile.com\/es\/wp-json\/wp\/v2\/types\/product"}],"version-history":[{"count":3,"href":"https:\/\/www.chevronextramile.com\/es\/wp-json\/wp\/v2\/product\/1293\/revisions"}],"predecessor-version":[{"id":11125,"href":"https:\/\/www.chevronextramile.com\/es\/wp-json\/wp\/v2\/product\/1293\/revisions\/11125"}],"wp:featuredmedia":[{"embeddable":true,"href":"https:\/\/www.chevronextramile.com\/es\/wp-json\/wp\/v2\/media\/902"}],"wp:attachment":[{"href":"https:\/\/www.chevronextramile.com\/es\/wp-json\/wp\/v2\/media?parent=1293"}],"curies":[{"name":"wp","href":"https:\/\/api.w.org\/{rel}","templated":true}]}}