{"id":1303,"date":"2021-05-08T15:43:00","date_gmt":"2021-05-08T22:43:00","guid":{"rendered":"https:\/\/www.chevronextramile.com\/es\/products\/"},"modified":"2025-02-13T11:11:54","modified_gmt":"2025-02-13T18:11:54","slug":"gatorade-de-pepino-limon","status":"publish","type":"product","link":"https:\/\/www.chevronextramile.com\/es\/products\/bebidas-deportivas\/gatorade-de-pepino-limon\/","title":{"rendered":"Gatorade de pepino lim\u00f3n"},"content":{"rendered":"\n<p>Gatorade es la forma m\u00e1s probada y cient\u00edficamente investigada de remplazar los electrolitos que se pierden con el sudor.Gatorade de pepino lim\u00f3n es una opci\u00f3n refrescante para mantenerte activo.<\/p>\n","protected":false},"featured_media":904,"template":"","class_list":["post-1303","product","type-product","status-publish","has-post-thumbnail","hentry","product_category-bebidas-deportivas"],"acf":[],"_links":{"self":[{"href":"https:\/\/www.chevronextramile.com\/es\/wp-json\/wp\/v2\/product\/1303","targetHints":{"allow":["GET"]}}],"collection":[{"href":"https:\/\/www.chevronextramile.com\/es\/wp-json\/wp\/v2\/product"}],"about":[{"href":"https:\/\/www.chevronextramile.com\/es\/wp-json\/wp\/v2\/types\/product"}],"version-history":[{"count":3,"href":"https:\/\/www.chevronextramile.com\/es\/wp-json\/wp\/v2\/product\/1303\/revisions"}],"predecessor-version":[{"id":11156,"href":"https:\/\/www.chevronextramile.com\/es\/wp-json\/wp\/v2\/product\/1303\/revisions\/11156"}],"wp:featuredmedia":[{"embeddable":true,"href":"https:\/\/www.chevronextramile.com\/es\/wp-json\/wp\/v2\/media\/904"}],"wp:attachment":[{"href":"https:\/\/www.chevronextramile.com\/es\/wp-json\/wp\/v2\/media?parent=1303"}],"curies":[{"name":"wp","href":"https:\/\/api.w.org\/{rel}","templated":true}]}}