{"id":1307,"date":"2021-05-09T15:45:00","date_gmt":"2021-05-09T22:45:00","guid":{"rendered":"https:\/\/www.chevronextramile.com\/es\/products\/"},"modified":"2025-02-13T08:52:46","modified_gmt":"2025-02-13T15:52:46","slug":"frappuccino-mocha-de-starbucks","status":"publish","type":"product","link":"https:\/\/www.chevronextramile.com\/es\/products\/cafe-frio\/frappuccino-mocha-de-starbucks\/","title":{"rendered":"Frappuccino Mocha de Starbucks embotellado"},"content":{"rendered":"\n<p>Ll\u00e9vate un Frappuccino Mocha de Starbucks embotellado en tu tienda de conveniencia ExtraMile local. Una mezcla de caf\u00e9, leche y chocolate, esta es la manera perfecta de obtener m\u00e1s energ\u00eda. <\/p>\n","protected":false},"featured_media":1908,"template":"","class_list":["post-1307","product","type-product","status-publish","has-post-thumbnail","hentry","product_category-cafe-frio"],"acf":[],"_links":{"self":[{"href":"https:\/\/www.chevronextramile.com\/es\/wp-json\/wp\/v2\/product\/1307","targetHints":{"allow":["GET"]}}],"collection":[{"href":"https:\/\/www.chevronextramile.com\/es\/wp-json\/wp\/v2\/product"}],"about":[{"href":"https:\/\/www.chevronextramile.com\/es\/wp-json\/wp\/v2\/types\/product"}],"version-history":[{"count":4,"href":"https:\/\/www.chevronextramile.com\/es\/wp-json\/wp\/v2\/product\/1307\/revisions"}],"predecessor-version":[{"id":11099,"href":"https:\/\/www.chevronextramile.com\/es\/wp-json\/wp\/v2\/product\/1307\/revisions\/11099"}],"wp:featuredmedia":[{"embeddable":true,"href":"https:\/\/www.chevronextramile.com\/es\/wp-json\/wp\/v2\/media\/1908"}],"wp:attachment":[{"href":"https:\/\/www.chevronextramile.com\/es\/wp-json\/wp\/v2\/media?parent=1307"}],"curies":[{"name":"wp","href":"https:\/\/api.w.org\/{rel}","templated":true}]}}