{"id":4914,"date":"2021-05-11T12:38:00","date_gmt":"2021-05-11T19:38:00","guid":{"rendered":""},"modified":"2022-10-21T12:39:18","modified_gmt":"2022-10-21T19:39:18","slug":"mini-tacos-don-miguel","status":"publish","type":"product","link":"https:\/\/www.chevronextramile.com\/es\/products\/alimentos-calientes\/mini-tacos-don-miguel\/","title":{"rendered":"Mini Tacos Don Miguel\u00ae"},"content":{"rendered":"\n<p>Estos mini tacos tienen el mejor sabor; hechos con carne blanca de pollo, tres quesos estilo mexicano y salsa de ma\u00edz. Inspirados en el aut\u00e9ntico sabor mexicano con una tortilla de ma\u00edz crujiente del tama\u00f1o de un bocado.<\/p>\n","protected":false},"featured_media":4829,"template":"","class_list":["post-4914","product","type-product","status-publish","has-post-thumbnail","hentry","product_category-alimentos-calientes"],"acf":[],"_links":{"self":[{"href":"https:\/\/www.chevronextramile.com\/es\/wp-json\/wp\/v2\/product\/4914","targetHints":{"allow":["GET"]}}],"collection":[{"href":"https:\/\/www.chevronextramile.com\/es\/wp-json\/wp\/v2\/product"}],"about":[{"href":"https:\/\/www.chevronextramile.com\/es\/wp-json\/wp\/v2\/types\/product"}],"version-history":[{"count":2,"href":"https:\/\/www.chevronextramile.com\/es\/wp-json\/wp\/v2\/product\/4914\/revisions"}],"predecessor-version":[{"id":4916,"href":"https:\/\/www.chevronextramile.com\/es\/wp-json\/wp\/v2\/product\/4914\/revisions\/4916"}],"wp:featuredmedia":[{"embeddable":true,"href":"https:\/\/www.chevronextramile.com\/es\/wp-json\/wp\/v2\/media\/4829"}],"wp:attachment":[{"href":"https:\/\/www.chevronextramile.com\/es\/wp-json\/wp\/v2\/media?parent=4914"}],"curies":[{"name":"wp","href":"https:\/\/api.w.org\/{rel}","templated":true}]}}