{"id":6311,"date":"2023-09-19T11:37:20","date_gmt":"2023-09-19T18:37:20","guid":{"rendered":""},"modified":"2025-02-13T10:54:40","modified_gmt":"2025-02-13T17:54:40","slug":"sandwich-krispy-krunchy-chicken","status":"publish","type":"product","link":"https:\/\/www.chevronextramile.com\/es\/products\/alimentos-calientes\/sandwich-krispy-krunchy-chicken\/","title":{"rendered":"S\u00e1ndwich de pollo Krispy Krunchy Chicken\u00ae"},"content":{"rendered":"\n<p>El s\u00e1ndwich de tus sue\u00f1os se hizo realidad con todo lo que siempre has querido. Una hamburguesa de pollo crujiente con sabor a caj\u00fan, con mantequilla de miel y pepinillos, para lograr la combinaci\u00f3n perfecta de dulce y picante.<\/p>\n","protected":false},"featured_media":10904,"template":"","class_list":["post-6311","product","type-product","status-publish","has-post-thumbnail","hentry","product_category-alimentos-calientes"],"acf":[],"_links":{"self":[{"href":"https:\/\/www.chevronextramile.com\/es\/wp-json\/wp\/v2\/product\/6311","targetHints":{"allow":["GET"]}}],"collection":[{"href":"https:\/\/www.chevronextramile.com\/es\/wp-json\/wp\/v2\/product"}],"about":[{"href":"https:\/\/www.chevronextramile.com\/es\/wp-json\/wp\/v2\/types\/product"}],"version-history":[{"count":4,"href":"https:\/\/www.chevronextramile.com\/es\/wp-json\/wp\/v2\/product\/6311\/revisions"}],"predecessor-version":[{"id":11144,"href":"https:\/\/www.chevronextramile.com\/es\/wp-json\/wp\/v2\/product\/6311\/revisions\/11144"}],"wp:featuredmedia":[{"embeddable":true,"href":"https:\/\/www.chevronextramile.com\/es\/wp-json\/wp\/v2\/media\/10904"}],"wp:attachment":[{"href":"https:\/\/www.chevronextramile.com\/es\/wp-json\/wp\/v2\/media?parent=6311"}],"curies":[{"name":"wp","href":"https:\/\/api.w.org\/{rel}","templated":true}]}}